{"id":2404,"date":"2020-04-01T01:26:57","date_gmt":"2020-03-31T23:26:57","guid":{"rendered":"https:\/\/exotikcars.com\/faq\/"},"modified":"2020-04-01T01:26:58","modified_gmt":"2020-03-31T23:26:58","slug":"faq","status":"publish","type":"page","link":"https:\/\/exotikcars.com\/fr\/faq\/","title":{"rendered":"FAQ"},"content":{"rendered":"<div class=\"wpb-content-wrapper\"><p>[vc_row][vc_column width=\u00a0\u00bb1\/6&Prime;][\/vc_column][vc_column width=\u00a0\u00bb2\/3&Prime;]<div class=\"fancy-title align_center\"><h2 class=\"vc_underline_title vc_title\">General Questions<\/h2><div class=\"vc_underline secondary_color_background\"><\/div><\/div>[vc_column_text]<\/p>\n<p style=\"text-align: center;\">Vous trouverez dans cette section toutes les questions fr\u00e9quemment pos\u00e9es.<br \/>\nSi vous avez besoin d\u2019informations, n\u2019h\u00e9sitez pas \u00e0 <a href=\"https:\/\/wpcarrental.com\/modern\/contact\/\">nous contacter<\/a>.<\/p>\n<p>[\/vc_column_text][vc_toggle title=\u00a0\u00bbLes v\u00e9hicules sont-ils assur\u00e9s?\u00a0\u00bb style=\u00a0\u00bbarrow\u00a0\u00bb color=\u00a0\u00bbsecondary_color\u00a0\u00bb size=\u00a0\u00bblg\u00a0\u00bb el_id=\u00a0\u00bb1503108365184-6651c676-ed6b\u00a0\u00bb]Oui, tous nos v\u00e9hicules b\u00e9n\u00e9ficient d\u2019une assurance tout risque avec une franchise[\/vc_toggle][vc_toggle title=\u00a0\u00bbQuelles sont les m\u00e9thodes de paiement des services de location de voitures?\u00a0\u00bb style=\u00a0\u00bbarrow\u00a0\u00bb color=\u00a0\u00bbsecondary_color\u00a0\u00bb el_id=\u00a0\u00bb1503108436210-880cdb63-6785&Prime;]Vous pouvez payer en esp\u00e8ces, par carte de d\u00e9bit et par carte de cr\u00e9dit.[\/vc_toggle][vc_toggle title=\u00a0\u00bbComment louer une voiture ?\u00a0\u00bb style=\u00a0\u00bbarrow\u00a0\u00bb color=\u00a0\u00bbsecondary_color\u00a0\u00bb el_id=\u00a0\u00bb1503108588928-b0e0c6e4-4e6a\u00a0\u00bb]Vous pouvez louer une voiture en cliquant simplement sur le bouton d\u2019accueil dans le menu ou en appelant le num\u00e9ro 212 528 841 142. Si vous choisissez de r\u00e9server une voiture en ligne, nous vous contacterons pour confirmer votre r\u00e9servation.[\/vc_toggle][vc_toggle title=\u00a0\u00bbPuis-je changer la voiture apr\u00e8s la r\u00e9servation?\u00a0\u00bb style=\u00a0\u00bbarrow\u00a0\u00bb color=\u00a0\u00bbsecondary_color\u00a0\u00bb el_id=\u00a0\u00bb1503108650445-c76d15ae-321e\u00a0\u00bb]ouais. Si vous souhaitez modifier ou annuler votre r\u00e9servation d\u2019une voiture apr\u00e8s l\u2019avoir approuv\u00e9e, veuillez appeler le num\u00e9ro 212 528 841 142 ou nous joindre par des contacts fournis dans la page Contacts.[\/vc_toggle][vc_toggle title=\u00a0\u00bbQue dois-je faire, si la voiture tombe en panne?\u00a0\u00bb style=\u00a0\u00bbarrow\u00a0\u00bb color=\u00a0\u00bbsecondary_color\u00a0\u00bb]Si votre voiture tombe en panne, veuillez nous appeler imm\u00e9diatement au num\u00e9ro 212 528 841 142 ou l\u2019assistance routi\u00e8re d\u2019urgence 24h\/24, 7j\/7, la num\u00e9rotation se trouve dans les papiers de la voiture.[\/vc_toggle][vc_toggle title=\u00a0\u00bbLivrez-vous des voitures a l&rsquo;hotel d&rsquo;Agadir ?\u00a0\u00bb style=\u00a0\u00bbarrow\u00a0\u00bb color=\u00a0\u00bbsecondary_color\u00a0\u00bb]Oui, nous vous livrerons la voiture \u00e0 l\u2019emplacement de votre choix pour un prix suppl\u00e9mentaire.[\/vc_toggle][vc_toggle title=\u00a0\u00bbQuand puis-je vous contacter ?\u00a0\u00bb style=\u00a0\u00bbarrow\u00a0\u00bb color=\u00a0\u00bbsecondary_color\u00a0\u00bb]Vous pouvez nous appeler 24\/7 par t\u00e9l\u00e9phone ou whatsApp 212 661 531 572[\/vc_toggle][vc_empty_space][\/vc_column][vc_column width=\u00a0\u00bb1\/6&Prime;][\/vc_column][\/vc_row]<\/p>\n<\/div>","protected":false},"excerpt":{"rendered":"<p>[vc_row][vc_column width=\u00a0\u00bb1\/6&Prime;][\/vc_column][vc_column width=\u00a0\u00bb2\/3&Prime;][vc_column_text] Vous trouverez dans cette section toutes les questions fr\u00e9quemment pos\u00e9es. Si vous avez besoin d\u2019informations, n\u2019h\u00e9sitez pas \u00e0 nous contacter. [\/vc_column_text][vc_toggle title=\u00a0\u00bbLes v\u00e9hicules sont-ils assur\u00e9s?\u00a0\u00bb style=\u00a0\u00bbarrow\u00a0\u00bb color=\u00a0\u00bbsecondary_color\u00a0\u00bb size=\u00a0\u00bblg\u00a0\u00bb el_id=\u00a0\u00bb1503108365184-6651c676-ed6b\u00a0\u00bb]Oui, tous nos v\u00e9hicules b\u00e9n\u00e9ficient d\u2019une assurance tout risque avec une franchise[\/vc_toggle][vc_toggle title=\u00a0\u00bbQuelles sont les m\u00e9thodes de paiement des services de location de voitures?\u00a0\u00bb [&hellip;]<\/p>\n","protected":false},"author":1,"featured_media":0,"parent":0,"menu_order":0,"comment_status":"closed","ping_status":"closed","template":"","meta":{"footnotes":""},"class_list":["post-2404","page","type-page","status-publish","hentry"],"_links":{"self":[{"href":"https:\/\/exotikcars.com\/fr\/wp-json\/wp\/v2\/pages\/2404","targetHints":{"allow":["GET"]}}],"collection":[{"href":"https:\/\/exotikcars.com\/fr\/wp-json\/wp\/v2\/pages"}],"about":[{"href":"https:\/\/exotikcars.com\/fr\/wp-json\/wp\/v2\/types\/page"}],"author":[{"embeddable":true,"href":"https:\/\/exotikcars.com\/fr\/wp-json\/wp\/v2\/users\/1"}],"replies":[{"embeddable":true,"href":"https:\/\/exotikcars.com\/fr\/wp-json\/wp\/v2\/comments?post=2404"}],"version-history":[{"count":1,"href":"https:\/\/exotikcars.com\/fr\/wp-json\/wp\/v2\/pages\/2404\/revisions"}],"predecessor-version":[{"id":2405,"href":"https:\/\/exotikcars.com\/fr\/wp-json\/wp\/v2\/pages\/2404\/revisions\/2405"}],"wp:attachment":[{"href":"https:\/\/exotikcars.com\/fr\/wp-json\/wp\/v2\/media?parent=2404"}],"curies":[{"name":"wp","href":"https:\/\/api.w.org\/{rel}","templated":true}]}}