{"id":2395,"date":"2020-04-01T01:13:25","date_gmt":"2020-03-31T23:13:25","guid":{"rendered":"https:\/\/exotikcars.com\/qui-sommes-nous\/"},"modified":"2020-04-01T01:13:26","modified_gmt":"2020-03-31T23:13:26","slug":"qui-sommes-nous","status":"publish","type":"page","link":"https:\/\/exotikcars.com\/fr\/qui-sommes-nous\/","title":{"rendered":"Qui sommes-nous"},"content":{"rendered":"<div class=\"wpb-content-wrapper\"><p>[vc_row content_placement=\u00a0\u00bbtop\u00a0\u00bb el_class=\u00a0\u00bbno_padding\u00a0\u00bb css=\u00a0\u00bb.vc_custom_1527952743136{background-color: #ffffff !important;}\u00a0\u00bb][vc_column css=\u00a0\u00bb.vc_custom_1518326652707{padding-top: 0px !important;}\u00a0\u00bb]<div class=\"fancy-title align_center\"><h2 class=\"vc_underline_title vc_title\">Customer Reviews<\/h2><div class=\"vc_underline secondary_color_background\"><\/div><\/div>[vc_empty_space height=\u00a0\u00bb50px\u00a0\u00bb][vc_column_text css=\u00a0\u00bb.vc_custom_1532327784680{padding-right: 40px !important;padding-left: 40px !important;}\u00a0\u00bb]\r\n[\/vc_column_text][vc_empty_space height=\u00a0\u00bb50px\u00a0\u00bb][\/vc_column][\/vc_row][vc_row full_width=\u00a0\u00bbstretch_row_content_no_spaces\u00a0\u00bb content_placement=\u00a0\u00bbmiddle\u00a0\u00bb css_animation=\u00a0\u00bbnone\u00a0\u00bb css=\u00a0\u00bb.vc_custom_1540122062949{background-color: #f9f9f9 !important;background-position: center !important;background-repeat: no-repeat !important;background-size: cover !important;}\u00a0\u00bb][vc_column width=\u00a0\u00bb1\/2&Prime; css=\u00a0\u00bb.vc_custom_1520772143248{padding-top: 0px !important;}\u00a0\u00bb][vc_single_image image=\u00a0\u00bb2153&Prime; img_size=\u00a0\u00bblarge\u00a0\u00bb css_animation=\u00a0\u00bbfadeIn\u00a0\u00bb css=\u00a0\u00bb.vc_custom_1528776006962{margin-bottom: 0px !important;padding-top: 0px !important;padding-bottom: 0px !important;}\u00a0\u00bb][\/vc_column][vc_column width=\u00a0\u00bb1\/2&Prime; offset=\u00a0\u00bbvc_col-lg-4 vc_col-md-6&Prime;]<div class=\"fancy-title align_left\"><h2 class=\"vc_underline_title vc_title\">ABOUT US<\/h2><div class=\"vc_underline secondary_color_background\"><\/div><\/div>[vc_column_text]Exotik cars est une entreprise familiale dont le si\u00e8ge est situ\u00e9 \u00e0 Agadir, au Maroc.<br \/>\nDepuis plus de 29 ans, les touristes du monde entier font confiance \u00e0 l\u2019efficacit\u00e9 de nos services[\/vc_column_text][vc_separator color=\u00a0\u00bbblack\u00a0\u00bb][vc_row_inner css=\u00a0\u00bb.vc_custom_1540122141014{margin-bottom: 32px !important;}\u00a0\u00bb][vc_column_inner width=\u00a0\u00bb1\/4&Prime;][vc_icon icon_fontawesome=\u00a0\u00bbfa fa-car\u00a0\u00bb color=\u00a0\u00bbblack\u00a0\u00bb size=\u00a0\u00bbxl\u00a0\u00bb align=\u00a0\u00bbcenter\u00a0\u00bb el_class=\u00a0\u00bbroll_effect\u00a0\u00bb][\/vc_column_inner][vc_column_inner width=\u00a0\u00bb1\/4&Prime;]<div><div class=\"stat_counter_wrapper primary_color\"><div id=\"wpcr-counter879277\" class=\"stat_counter default\" data-count_to=\"71\">-<\/div><div class=\"stat_title\">Voitures r\u00e9pertori\u00e9es<\/div><\/div><\/div>[\/vc_column_inner][vc_column_inner width=\u00a0\u00bb1\/4&Prime;][vc_icon icon_fontawesome=\u00a0\u00bbfa fa-calendar-check-o\u00a0\u00bb color=\u00a0\u00bbblack\u00a0\u00bb size=\u00a0\u00bbxl\u00a0\u00bb align=\u00a0\u00bbcenter\u00a0\u00bb el_class=\u00a0\u00bbroll_effect\u00a0\u00bb][\/vc_column_inner][vc_column_inner width=\u00a0\u00bb1\/4&Prime;]<div><div class=\"stat_counter_wrapper black\"><div id=\"wpcr-counter108700\" class=\"stat_counter default\" data-count_to=\"1164\">-<\/div><div class=\"stat_title\">R\u00e9servations effectu\u00e9es<\/div><\/div><\/div>[\/vc_column_inner][\/vc_row_inner][\/vc_column][\/vc_row]<\/p>\n<\/div>","protected":false},"excerpt":{"rendered":"<p>[vc_row content_placement=\u00a0\u00bbtop\u00a0\u00bb el_class=\u00a0\u00bbno_padding\u00a0\u00bb css=\u00a0\u00bb.vc_custom_1527952743136{background-color: #ffffff !important;}\u00a0\u00bb][vc_column css=\u00a0\u00bb.vc_custom_1518326652707{padding-top: 0px !important;}\u00a0\u00bb][vc_empty_space height=\u00a0\u00bb50px\u00a0\u00bb][vc_column_text css=\u00a0\u00bb.vc_custom_1532327784680{padding-right: 40px !important;padding-left: 40px !important;}\u00a0\u00bb][\/vc_column_text][vc_empty_space height=\u00a0\u00bb50px\u00a0\u00bb][\/vc_column][\/vc_row][vc_row full_width=\u00a0\u00bbstretch_row_content_no_spaces\u00a0\u00bb content_placement=\u00a0\u00bbmiddle\u00a0\u00bb css_animation=\u00a0\u00bbnone\u00a0\u00bb css=\u00a0\u00bb.vc_custom_1540122062949{background-color: #f9f9f9 !important;background-position: center !important;background-repeat: no-repeat !important;background-size: cover !important;}\u00a0\u00bb][vc_column width=\u00a0\u00bb1\/2&Prime; css=\u00a0\u00bb.vc_custom_1520772143248{padding-top: 0px !important;}\u00a0\u00bb][vc_single_image image=\u00a0\u00bb2153&Prime; img_size=\u00a0\u00bblarge\u00a0\u00bb css_animation=\u00a0\u00bbfadeIn\u00a0\u00bb css=\u00a0\u00bb.vc_custom_1528776006962{margin-bottom: 0px !important;padding-top: 0px !important;padding-bottom: 0px !important;}\u00a0\u00bb][\/vc_column][vc_column width=\u00a0\u00bb1\/2&Prime; offset=\u00a0\u00bbvc_col-lg-4 vc_col-md-6&Prime;][vc_column_text]Exotik cars est une entreprise familiale dont le si\u00e8ge est situ\u00e9 [&hellip;]<\/p>\n","protected":false},"author":1,"featured_media":0,"parent":0,"menu_order":0,"comment_status":"closed","ping_status":"closed","template":"","meta":{"footnotes":""},"class_list":["post-2395","page","type-page","status-publish","hentry"],"_links":{"self":[{"href":"https:\/\/exotikcars.com\/fr\/wp-json\/wp\/v2\/pages\/2395","targetHints":{"allow":["GET"]}}],"collection":[{"href":"https:\/\/exotikcars.com\/fr\/wp-json\/wp\/v2\/pages"}],"about":[{"href":"https:\/\/exotikcars.com\/fr\/wp-json\/wp\/v2\/types\/page"}],"author":[{"embeddable":true,"href":"https:\/\/exotikcars.com\/fr\/wp-json\/wp\/v2\/users\/1"}],"replies":[{"embeddable":true,"href":"https:\/\/exotikcars.com\/fr\/wp-json\/wp\/v2\/comments?post=2395"}],"version-history":[{"count":1,"href":"https:\/\/exotikcars.com\/fr\/wp-json\/wp\/v2\/pages\/2395\/revisions"}],"predecessor-version":[{"id":2396,"href":"https:\/\/exotikcars.com\/fr\/wp-json\/wp\/v2\/pages\/2395\/revisions\/2396"}],"wp:attachment":[{"href":"https:\/\/exotikcars.com\/fr\/wp-json\/wp\/v2\/media?parent=2395"}],"curies":[{"name":"wp","href":"https:\/\/api.w.org\/{rel}","templated":true}]}}